{"id":5446,"date":"2025-05-22T09:27:40","date_gmt":"2025-05-22T07:27:40","guid":{"rendered":"https:\/\/dev.melchers-techexport.com\/?page_id=5446"},"modified":"2026-01-22T03:15:33","modified_gmt":"2026-01-22T02:15:33","slug":"conveyor-technology","status":"publish","type":"page","link":"https:\/\/melchers-techexport.com\/de\/industries\/conveyor-technology\/","title":{"rendered":"F\u00f6rdertechnik"},"content":{"rendered":"\t\t<div data-elementor-type=\"wp-page\" data-elementor-id=\"5446\" class=\"elementor elementor-5446\" data-elementor-post-type=\"page\">\n\t\t\t\t<div class=\"elementor-element elementor-element-59f2a3da e-con-full e-flex e-con e-parent\" data-id=\"59f2a3da\" data-element_type=\"container\" data-e-type=\"container\" data-settings=\"{&quot;background_background&quot;:&quot;classic&quot;}\">\n\t\t<div class=\"elementor-element elementor-element-fa85d32 e-con-full e-flex e-con e-child\" data-id=\"fa85d32\" data-element_type=\"container\" data-e-type=\"container\" data-settings=\"{&quot;background_background&quot;:&quot;classic&quot;}\">\n\t\t\t\t<div class=\"elementor-element elementor-element-11d53606 elementor-widget elementor-widget-heading\" data-id=\"11d53606\" data-element_type=\"widget\" data-e-type=\"widget\" data-widget_type=\"heading.default\">\n\t\t\t\t<div class=\"elementor-widget-container\">\n\t\t\t\t\t<h1 class=\"elementor-heading-title elementor-size-default\">Conveyor Technology<\/h1>\t\t\t\t<\/div>\n\t\t\t\t<\/div>\n\t\t\t\t<\/div>\n\t\t\t\t<\/div>\n\t\t<div class=\"elementor-element elementor-element-7fdc74f e-con-full e-flex e-con e-parent\" data-id=\"7fdc74f\" data-element_type=\"container\" data-e-type=\"container\">\n\t\t\t\t<div class=\"elementor-element elementor-element-f571a5c elementor-widget elementor-widget-text-editor\" data-id=\"f571a5c\" data-element_type=\"widget\" data-e-type=\"widget\" data-widget_type=\"text-editor.default\">\n\t\t\t\t<div class=\"elementor-widget-container\">\n\t\t\t\t\t\t\t\t\t<div class=\"row\"><p>Intelligent, smart and effective conveyor technology for production and logistics and an increasing demand for individuality require comprehensive concepts. Material flow systems are the key for any investment in automation, innovative transportation technology or material handling equipment. In collaboration with new best-in-class intralogistic solution providers, we are delivering consistency and flexibility to your entire process chain.<\/p><\/div>\t\t\t\t\t\t\t\t<\/div>\n\t\t\t\t<\/div>\n\t\t\t\t<div class=\"elementor-element elementor-element-1c93efe elementor-widget-divider--view-line elementor-widget elementor-widget-divider\" data-id=\"1c93efe\" data-element_type=\"widget\" data-e-type=\"widget\" data-widget_type=\"divider.default\">\n\t\t\t\t<div class=\"elementor-widget-container\">\n\t\t\t\t\t\t\t<div class=\"elementor-divider\">\n\t\t\t<span class=\"elementor-divider-separator\">\n\t\t\t\t\t\t<\/span>\n\t\t<\/div>\n\t\t\t\t\t\t<\/div>\n\t\t\t\t<\/div>\n\t\t\t\t<\/div>\n\t\t<div class=\"elementor-element elementor-element-f5ded62 e-con-full e-flex e-con e-parent\" data-id=\"f5ded62\" data-element_type=\"container\" data-e-type=\"container\" data-settings=\"{&quot;background_background&quot;:&quot;classic&quot;}\">\n\t\t<div class=\"elementor-element elementor-element-af2972e e-con-full e-flex e-con e-child\" data-id=\"af2972e\" data-element_type=\"container\" data-e-type=\"container\">\n\t\t<div class=\"elementor-element elementor-element-77a6e45 e-con-full e-flex e-con e-child\" data-id=\"77a6e45\" data-element_type=\"container\" data-e-type=\"container\">\n\t\t\t\t<div class=\"elementor-element elementor-element-e5a5b07 elementor-widget elementor-widget-heading\" data-id=\"e5a5b07\" data-element_type=\"widget\" data-e-type=\"widget\" data-widget_type=\"heading.default\">\n\t\t\t\t<div class=\"elementor-widget-container\">\n\t\t\t\t\t<h2 class=\"elementor-heading-title elementor-size-default\">Intelligent Conveyor Technology<\/h2>\t\t\t\t<\/div>\n\t\t\t\t<\/div>\n\t\t\t\t<\/div>\n\t\t\t\t<\/div>\n\t\t\t\t<div class=\"elementor-element elementor-element-b14d4a4 elementor-widget elementor-widget-n-carousel\" data-id=\"b14d4a4\" data-element_type=\"widget\" data-e-type=\"widget\" data-settings=\"{&quot;carousel_items&quot;:[{&quot;slide_title&quot;:&quot;Slide #1&quot;,&quot;_id&quot;:&quot;0c2ec8e&quot;}],&quot;slides_to_show&quot;:&quot;1&quot;,&quot;slides_to_show_tablet&quot;:&quot;1&quot;,&quot;image_spacing_custom&quot;:{&quot;unit&quot;:&quot;px&quot;,&quot;size&quot;:&quot;&quot;,&quot;sizes&quot;:[]},&quot;slides_to_show_mobile&quot;:&quot;1&quot;,&quot;speed&quot;:500,&quot;image_spacing_custom_tablet&quot;:{&quot;unit&quot;:&quot;px&quot;,&quot;size&quot;:&quot;&quot;,&quot;sizes&quot;:[]},&quot;image_spacing_custom_mobile&quot;:{&quot;unit&quot;:&quot;px&quot;,&quot;size&quot;:&quot;&quot;,&quot;sizes&quot;:[]}}\" data-widget_type=\"nested-carousel.default\">\n\t\t\t\t<div class=\"elementor-widget-container\">\n\t\t\t\t\t\t\t<div class=\"e-n-carousel swiper\" role=\"region\" aria-roledescription=\"carousel\" aria-label=\"Carousel\" dir=\"ltr\">\n\t\t\t<div class=\"swiper-wrapper\" aria-live=\"polite\">\n\t\t\t\t\t\t\t\t\t\t<div class=\"swiper-slide\" data-slide=\"1\" role=\"group\" aria-roledescription=\"slide\" aria-label=\"1 von 1\">\n\t\t\t\t\t\t\t<div class=\"elementor-element elementor-element-bb12bdd e-con-full e-flex e-con e-child\" data-id=\"bb12bdd\" data-element_type=\"container\" data-e-type=\"container\" data-settings=\"{&quot;background_background&quot;:&quot;classic&quot;}\">\n\t\t<div class=\"elementor-element elementor-element-e3fdf9d e-con-full e-flex e-con e-child\" data-id=\"e3fdf9d\" data-element_type=\"container\" data-e-type=\"container\" data-settings=\"{&quot;background_background&quot;:&quot;classic&quot;}\">\n\t\t<div class=\"elementor-element elementor-element-e35fa17 e-con-full e-flex e-con e-child\" data-id=\"e35fa17\" data-element_type=\"container\" data-e-type=\"container\">\n\t\t<div class=\"elementor-element elementor-element-f53fdde e-con-full e-flex e-con e-child\" data-id=\"f53fdde\" data-element_type=\"container\" data-e-type=\"container\">\n\t\t\t\t<div class=\"elementor-element elementor-element-2cafe47 img_volle_hoehe elementor-widget elementor-widget-image\" data-id=\"2cafe47\" data-element_type=\"widget\" data-e-type=\"widget\" data-widget_type=\"image.default\">\n\t\t\t\t<div class=\"elementor-widget-container\">\n\t\t\t\t\t\t\t\t\t\t\t\t\t\t\t<img fetchpriority=\"high\" decoding=\"async\" width=\"770\" height=\"510\" src=\"https:\/\/melchers-techexport.com\/wp-content\/uploads\/2025\/06\/conveyor_cellumation.jpg\" class=\"attachment-large size-large wp-image-7447\" alt=\"cellumation&#039;s a hexagonal robotic cell\" srcset=\"https:\/\/melchers-techexport.com\/wp-content\/uploads\/2025\/06\/conveyor_cellumation.jpg 770w, https:\/\/melchers-techexport.com\/wp-content\/uploads\/2025\/06\/conveyor_cellumation-300x199.jpg 300w, https:\/\/melchers-techexport.com\/wp-content\/uploads\/2025\/06\/conveyor_cellumation-768x509.jpg 768w, https:\/\/melchers-techexport.com\/wp-content\/uploads\/2025\/06\/conveyor_cellumation-18x12.jpg 18w\" sizes=\"(max-width: 770px) 100vw, 770px\" \/>\t\t\t\t\t\t\t\t\t\t\t\t\t\t\t<\/div>\n\t\t\t\t<\/div>\n\t\t\t\t<\/div>\n\t\t<div class=\"elementor-element elementor-element-e59e287 e-con-full e-flex e-con e-child\" data-id=\"e59e287\" data-element_type=\"container\" data-e-type=\"container\">\n\t\t\t\t<div class=\"elementor-element elementor-element-fe2c686 golden-bullets elementor-widget elementor-widget-text-editor\" data-id=\"fe2c686\" data-element_type=\"widget\" data-e-type=\"widget\" data-widget_type=\"text-editor.default\">\n\t\t\t\t<div class=\"elementor-widget-container\">\n\t\t\t\t\t\t\t\t\t<p>From start up to scale up, born in Bremen &amp; on its way to Asia. We have strengthened our portfolio with an innovation driver that will impact the world of logistics.<\/p><p><strong>cellumation GmbH<\/strong> has invented the \u201ccelluveyor\u201d, a hexagonal robotic cell including proprietary control software that can be assembled into a modular and compact conveyor layout. This patented intelligent conveying technology is designed for a wide range of sorting, palletizing or depalletizing applications to automate, accelerate and simplify your material flow and intralogistics processes.<\/p><p>The celluveyor reduces space in distribution centers and micro hubs to a minimum whilst reaching a maximum of throughput and material handling flexibility, be it in a newly build venue or as retrofit installation.<\/p><p>Contact us for more information to scale up your own intralogistics environment.<\/p>\t\t\t\t\t\t\t\t<\/div>\n\t\t\t\t<\/div>\n\t\t<div class=\"elementor-element elementor-element-4b2b06b e-con-full e-flex e-con e-child\" data-id=\"4b2b06b\" data-element_type=\"container\" data-e-type=\"container\">\n\t\t\t\t<div class=\"elementor-element elementor-element-0dc84fe elementor-align-left elementor-widget elementor-widget-button\" data-id=\"0dc84fe\" data-element_type=\"widget\" data-e-type=\"widget\" data-widget_type=\"button.default\">\n\t\t\t\t<div class=\"elementor-widget-container\">\n\t\t\t\t\t\t\t\t\t<div class=\"elementor-button-wrapper\">\n\t\t\t\t\t<a class=\"elementor-button elementor-button-link elementor-size-sm\" href=\"mailto:Nicole.Schroeter@melchers.de\" target=\"_blank\">\n\t\t\t\t\t\t<span class=\"elementor-button-content-wrapper\">\n\t\t\t\t\t\t\t\t\t<span class=\"elementor-button-text\">YOUR MELCHERS CONTACT<\/span>\n\t\t\t\t\t<\/span>\n\t\t\t\t\t<\/a>\n\t\t\t\t<\/div>\n\t\t\t\t\t\t\t\t<\/div>\n\t\t\t\t<\/div>\n\t\t\t\t<div class=\"elementor-element elementor-element-96ec8fa elementor-align-left elementor-widget elementor-widget-button\" data-id=\"96ec8fa\" data-element_type=\"widget\" data-e-type=\"widget\" data-widget_type=\"button.default\">\n\t\t\t\t<div class=\"elementor-widget-container\">\n\t\t\t\t\t\t\t\t\t<div class=\"elementor-button-wrapper\">\n\t\t\t\t\t<a class=\"elementor-button elementor-button-link elementor-size-sm\" href=\"https:\/\/www.cellumation.com\/\" target=\"_blank\">\n\t\t\t\t\t\t<span class=\"elementor-button-content-wrapper\">\n\t\t\t\t\t\t\t\t\t<span class=\"elementor-button-text\">VISIT CELLUMATION<\/span>\n\t\t\t\t\t<\/span>\n\t\t\t\t\t<\/a>\n\t\t\t\t<\/div>\n\t\t\t\t\t\t\t\t<\/div>\n\t\t\t\t<\/div>\n\t\t\t\t<\/div>\n\t\t\t\t<\/div>\n\t\t\t\t<\/div>\n\t\t\t\t<\/div>\n\t\t\t\t<\/div>\n\t\t\t\t\t\t\t\t<\/div>\n\t\t\t\t\t\t\t\t<\/div>\n\t\t<\/div>\n\t\t\t\t\t\t<\/div>\n\t\t\t\t<\/div>\n\t\t\t\t<\/div>\n\t\t<div class=\"elementor-element elementor-element-4bc1d1c e-con-full e-flex e-con e-parent\" data-id=\"4bc1d1c\" data-element_type=\"container\" data-e-type=\"container\">\n\t\t\t\t<div class=\"elementor-element elementor-element-6c52307 elementor-widget elementor-widget-video\" data-id=\"6c52307\" data-element_type=\"widget\" data-e-type=\"widget\" data-settings=\"{&quot;youtube_url&quot;:&quot;https:\\\/\\\/youtu.be\\\/VdHRhN9Z4Cc?si=f6NiDkeXZyEBdXkn&quot;,&quot;yt_privacy&quot;:&quot;yes&quot;,&quot;lazy_load&quot;:&quot;yes&quot;,&quot;video_type&quot;:&quot;youtube&quot;,&quot;controls&quot;:&quot;yes&quot;}\" data-widget_type=\"video.default\">\n\t\t\t\t<div class=\"elementor-widget-container\">\n\t\t\t\t\t\t\t<div class=\"elementor-wrapper elementor-open-inline\">\n\t\t\t<div class=\"elementor-video\"> <div class=\"brlbs-cmpnt-container brlbs-cmpnt-content-blocker brlbs-cmpnt-with-individual-styles\" data-borlabs-cookie-content-blocker-id=\"youtube-content-blocker\" data-borlabs-cookie-content=\"PHNjcmlwdD4KKGZ1bmN0aW9uKCkgewogICAgbGV0IGQgPSBudWxsOwoKICAgIC8vIGlmIHdlIGFyZSBpbiBhIGxvb3AsIHdlIG5lZWQgdG8gc2VsZWN0IHRoZSBjb3JyZWN0IHZpZGVvIGVsZW1lbnQsIHNpbmNlIFdpZGdldCBJRCBvY2N1cnMgbXVsdGlwbGUgdGltZXMgb24gcGFnZQogICAgY29uc3QgZWxlbXNJbkxvb3AgPSBkb2N1bWVudC5xdWVyeVNlbGVjdG9yQWxsKCc6aXMoZGl2W2RhdGEtZWxlbWVudG9yLXR5cGU9Imxvb3AtaXRlbSJdLGRpdltkYXRhLWVsZW1lbnRvci10eXBlPSJqZXQtbGlzdGluZy1pdGVtcyJdLGRpdltkYXRhLXdpZGdldF90eXBlXj0icHJlbWl1bS1hZGRvbi10YWJzLiJdKSBkaXYuZWxlbWVudG9yLWVsZW1lbnQtNmM1MjMwNycpOwogICAgaWYgKGVsZW1zSW5Mb29wLmxlbmd0aCA9PT0gMSkgewogICAgICAgIGQgPSBlbGVtc0luTG9vcFswXTsKICAgIH0gZWxzZSBpZiAoZWxlbXNJbkxvb3AubGVuZ3RoID4gMSkgewogICAgICAgIGlmICh0eXBlb2YgZG9jdW1lbnQuY3VycmVudFNjcmlwdCA9PT0gJ3VuZGVmaW5lZCcgfHwgZG9jdW1lbnQuY3VycmVudFNjcmlwdCA9PSBudWxsKSB7CiAgICAgICAgICAgIHJldHVybjsKICAgICAgICB9CiAgICAgICAgY29uc3QgdG1wVmlkZW9XaWRnZXQgPSBkb2N1bWVudC5jdXJyZW50U2NyaXB0LmNsb3Nlc3QoJ1tkYXRhLXdpZGdldF90eXBlPSJicmxic192aWRlby5kZWZhdWx0Il0nKTsKICAgICAgICBpZiAodG1wVmlkZW9XaWRnZXQpIHsKICAgICAgICAgICAgZCA9IHRtcFZpZGVvV2lkZ2V0OwogICAgICAgIH0KICAgIH0KCiAgICBpZiAoZCA9PSBudWxsKSB7CiAgICAgICAgZCA9IGRvY3VtZW50LnF1ZXJ5U2VsZWN0b3IoJ2Rpdi5lbGVtZW50b3ItZWxlbWVudC02YzUyMzA3Jyk7CiAgICB9CgogICAgaWYgKGQgPT0gbnVsbCkgewogICAgICAgIHJldHVybjsKICAgIH0KICAgIGQuZGF0YXNldC53aWRnZXRfdHlwZSA9IGQuZGF0YXNldC53aWRnZXRfdHlwZS5yZXBsYWNlKCdicmxic18nLCAnJyk7CiAgICBkLmRhdGFzZXQuYnJsYnNVbmJsb2NrZWQgPSAndHJ1ZSc7CgogICAgY29uc3QgaW50ZXJ2YWwgPSBzZXRJbnRlcnZhbCgoKSA9PiB7CiAgICAgICAgaWYgKHR5cGVvZiBlbGVtZW50b3JGcm9udGVuZCAhPT0gJ3VuZGVmaW5lZCcgJiYgdHlwZW9mIGVsZW1lbnRvckZyb250ZW5kLmhvb2tzICE9PSAndW5kZWZpbmVkJykgewogICAgICAgICAgICBjbGVhckludGVydmFsKGludGVydmFsKTsKICAgICAgICAgICAgZWxlbWVudG9yRnJvbnRlbmQuaG9va3MuZG9BY3Rpb24oJ2Zyb250ZW5kL2VsZW1lbnRfcmVhZHkvdmlkZW8uZGVmYXVsdCcsIGpRdWVyeShkKSwgalF1ZXJ5KQogICAgICAgIH0KICAgIH0sIDMwKQp9KSgpOwo8L3NjcmlwdD4=\"><div class=\"brlbs-cmpnt-cb-preset-c brlbs-cmpnt-cb-youtube\"> <div class=\"brlbs-cmpnt-cb-thumbnail\" style=\"background-image: url('https:\/\/melchers-techexport.com\/wp-content\/uploads\/borlabs-cookie\/1\/yt_VdHRhN9Z4Cc_hqdefault.jpg')\"><\/div> <div class=\"brlbs-cmpnt-cb-main\"> <div class=\"brlbs-cmpnt-cb-play-button\"><\/div> <div class=\"brlbs-cmpnt-cb-content\"> <p class=\"brlbs-cmpnt-cb-description\">Sie sehen gerade einen Platzhalterinhalt von <strong>YouTube<\/strong>. Um auf den eigentlichen Inhalt zuzugreifen, klicken Sie auf die Schaltfl\u00e4che unten. Bitte beachten Sie, dass dabei Daten an Drittanbieter weitergegeben werden.<\/p> <a class=\"brlbs-cmpnt-cb-provider-toggle\" href=\"#\" data-borlabs-cookie-show-provider-information role=\"button\">Mehr Informationen<\/a> <\/div> <div class=\"brlbs-cmpnt-cb-buttons\"> <a class=\"brlbs-cmpnt-cb-btn\" href=\"#\" data-borlabs-cookie-unblock role=\"button\">Inhalt entsperren<\/a> <a class=\"brlbs-cmpnt-cb-btn\" href=\"#\" data-borlabs-cookie-accept-service role=\"button\" style=\"display: none\">Erforderlichen Service akzeptieren und Inhalte entsperren<\/a> <\/div> <\/div> <\/div><\/div><\/div>\t\t<\/div>\n\t\t\t\t\t\t<\/div>\n\t\t\t\t<\/div>\n\t\t\t\t<\/div>\n\t\t\t\t<\/div>\n\t\t","protected":false},"excerpt":{"rendered":"<p>Conveyor Technology Intelligent, smart and effective conveyor technology for production and logistics and an increasing demand for individuality require comprehensive concepts. Material flow systems are the key for any investment in automation, innovative transportation technology or material handling equipment. In collaboration with new best-in-class intralogistic solution providers, we are delivering consistency and flexibility to your [&hellip;]<\/p>\n","protected":false},"author":9,"featured_media":0,"parent":1380,"menu_order":0,"comment_status":"closed","ping_status":"closed","template":"","meta":{"_acf_changed":false,"footnotes":""},"class_list":["post-5446","page","type-page","status-publish","hentry"],"acf":[],"yoast_head":"<!-- This site is optimized with the Yoast SEO plugin v27.3 - https:\/\/yoast.com\/product\/yoast-seo-wordpress\/ -->\n<title>Conveyor Technology | Melchers Techexport<\/title>\n<meta name=\"description\" content=\"Logistics conveyor technology | Production conveyer system | Patented technology | Melchers global network | Market expansion \u25b7 Learn more\" \/>\n<meta name=\"robots\" content=\"index, follow, max-snippet:-1, max-image-preview:large, max-video-preview:-1\" \/>\n<link rel=\"canonical\" href=\"https:\/\/melchers-techexport.com\/de\/industries\/conveyor-technology\/\" \/>\n<meta property=\"og:locale\" content=\"de_DE\" \/>\n<meta property=\"og:type\" content=\"article\" \/>\n<meta property=\"og:title\" content=\"Conveyor Technology | Melchers Techexport\" \/>\n<meta property=\"og:description\" content=\"Logistics conveyor technology | Production conveyer system | Patented technology | Melchers global network | Market expansion \u25b7 Learn more\" \/>\n<meta property=\"og:url\" content=\"https:\/\/melchers-techexport.com\/de\/industries\/conveyor-technology\/\" \/>\n<meta property=\"og:site_name\" content=\"Melchers Techexport\" \/>\n<meta property=\"article:modified_time\" content=\"2026-01-22T02:15:33+00:00\" \/>\n<meta property=\"og:image\" content=\"https:\/\/melchers-techexport.com\/wp-content\/uploads\/2025\/05\/header_conveyortech.jpg\" \/>\n\t<meta property=\"og:image:width\" content=\"1766\" \/>\n\t<meta property=\"og:image:height\" content=\"783\" \/>\n\t<meta property=\"og:image:type\" content=\"image\/jpeg\" \/>\n<meta name=\"twitter:card\" content=\"summary_large_image\" \/>\n<meta name=\"twitter:label1\" content=\"Gesch\u00e4tzte Lesezeit\" \/>\n\t<meta name=\"twitter:data1\" content=\"2\u00a0Minuten\" \/>\n<script type=\"application\/ld+json\" class=\"yoast-schema-graph\">{\"@context\":\"https:\\\/\\\/schema.org\",\"@graph\":[{\"@type\":\"WebPage\",\"@id\":\"https:\\\/\\\/melchers-techexport.com\\\/industries\\\/conveyor-technology\\\/\",\"url\":\"https:\\\/\\\/melchers-techexport.com\\\/industries\\\/conveyor-technology\\\/\",\"name\":\"Conveyor Technology | Melchers Techexport\",\"isPartOf\":{\"@id\":\"https:\\\/\\\/melchers-techexport.com\\\/#website\"},\"primaryImageOfPage\":{\"@id\":\"https:\\\/\\\/melchers-techexport.com\\\/industries\\\/conveyor-technology\\\/#primaryimage\"},\"image\":{\"@id\":\"https:\\\/\\\/melchers-techexport.com\\\/industries\\\/conveyor-technology\\\/#primaryimage\"},\"thumbnailUrl\":\"https:\\\/\\\/melchers-techexport.com\\\/wp-content\\\/uploads\\\/2025\\\/06\\\/conveyor_cellumation.jpg\",\"datePublished\":\"2025-05-22T07:27:40+00:00\",\"dateModified\":\"2026-01-22T02:15:33+00:00\",\"description\":\"Logistics conveyor technology | Production conveyer system | Patented technology | Melchers global network | Market expansion \u25b7 Learn more\",\"breadcrumb\":{\"@id\":\"https:\\\/\\\/melchers-techexport.com\\\/industries\\\/conveyor-technology\\\/#breadcrumb\"},\"inLanguage\":\"de\",\"potentialAction\":[{\"@type\":\"ReadAction\",\"target\":[\"https:\\\/\\\/melchers-techexport.com\\\/industries\\\/conveyor-technology\\\/\"]}]},{\"@type\":\"ImageObject\",\"inLanguage\":\"de\",\"@id\":\"https:\\\/\\\/melchers-techexport.com\\\/industries\\\/conveyor-technology\\\/#primaryimage\",\"url\":\"https:\\\/\\\/melchers-techexport.com\\\/wp-content\\\/uploads\\\/2025\\\/06\\\/conveyor_cellumation.jpg\",\"contentUrl\":\"https:\\\/\\\/melchers-techexport.com\\\/wp-content\\\/uploads\\\/2025\\\/06\\\/conveyor_cellumation.jpg\"},{\"@type\":\"BreadcrumbList\",\"@id\":\"https:\\\/\\\/melchers-techexport.com\\\/industries\\\/conveyor-technology\\\/#breadcrumb\",\"itemListElement\":[{\"@type\":\"ListItem\",\"position\":1,\"name\":\"Home\",\"item\":\"https:\\\/\\\/melchers-techexport.com\\\/\"},{\"@type\":\"ListItem\",\"position\":2,\"name\":\"Industries\",\"item\":\"https:\\\/\\\/melchers-techexport.com\\\/industries\\\/\"},{\"@type\":\"ListItem\",\"position\":3,\"name\":\"Conveyor Technology\"}]},{\"@type\":\"WebSite\",\"@id\":\"https:\\\/\\\/melchers-techexport.com\\\/#website\",\"url\":\"https:\\\/\\\/melchers-techexport.com\\\/\",\"name\":\"Melchers Techexport\",\"description\":\"\",\"publisher\":{\"@id\":\"https:\\\/\\\/melchers-techexport.com\\\/#organization\"},\"potentialAction\":[{\"@type\":\"SearchAction\",\"target\":{\"@type\":\"EntryPoint\",\"urlTemplate\":\"https:\\\/\\\/melchers-techexport.com\\\/?s={search_term_string}\"},\"query-input\":{\"@type\":\"PropertyValueSpecification\",\"valueRequired\":true,\"valueName\":\"search_term_string\"}}],\"inLanguage\":\"de\"},{\"@type\":\"Organization\",\"@id\":\"https:\\\/\\\/melchers-techexport.com\\\/#organization\",\"name\":\"Melchers Techexport\",\"url\":\"https:\\\/\\\/melchers-techexport.com\\\/\",\"logo\":{\"@type\":\"ImageObject\",\"inLanguage\":\"de\",\"@id\":\"https:\\\/\\\/melchers-techexport.com\\\/#\\\/schema\\\/logo\\\/image\\\/\",\"url\":\"https:\\\/\\\/melchers-techexport.com\\\/wp-content\\\/uploads\\\/2025\\\/05\\\/Melchers_Logo_2021_RGB_RZ.png\",\"contentUrl\":\"https:\\\/\\\/melchers-techexport.com\\\/wp-content\\\/uploads\\\/2025\\\/05\\\/Melchers_Logo_2021_RGB_RZ.png\",\"width\":1000,\"height\":410,\"caption\":\"Melchers Techexport\"},\"image\":{\"@id\":\"https:\\\/\\\/melchers-techexport.com\\\/#\\\/schema\\\/logo\\\/image\\\/\"}}]}<\/script>\n<!-- \/ Yoast SEO plugin. -->","yoast_head_json":{"title":"F\u00f6rdertechnik | Melchers Techexport","description":"Logistik-F\u00f6rdertechnik | Produktions-F\u00f6rdersystem | Patentierte Technik | Melchers globales Netzwerk | Marktexpansion \u25b7 Mehr erfahren","robots":{"index":"index","follow":"follow","max-snippet":"max-snippet:-1","max-image-preview":"max-image-preview:large","max-video-preview":"max-video-preview:-1"},"canonical":"https:\/\/melchers-techexport.com\/de\/industries\/conveyor-technology\/","og_locale":"de_DE","og_type":"article","og_title":"Conveyor Technology | Melchers Techexport","og_description":"Logistics conveyor technology | Production conveyer system | Patented technology | Melchers global network | Market expansion \u25b7 Learn more","og_url":"https:\/\/melchers-techexport.com\/de\/industries\/conveyor-technology\/","og_site_name":"Melchers Techexport","article_modified_time":"2026-01-22T02:15:33+00:00","og_image":[{"width":1766,"height":783,"url":"https:\/\/melchers-techexport.com\/wp-content\/uploads\/2025\/05\/header_conveyortech.jpg","type":"image\/jpeg"}],"twitter_card":"summary_large_image","twitter_misc":{"Gesch\u00e4tzte Lesezeit":"2\u00a0Minuten"},"schema":{"@context":"https:\/\/schema.org","@graph":[{"@type":"WebPage","@id":"https:\/\/melchers-techexport.com\/industries\/conveyor-technology\/","url":"https:\/\/melchers-techexport.com\/industries\/conveyor-technology\/","name":"F\u00f6rdertechnik | Melchers Techexport","isPartOf":{"@id":"https:\/\/melchers-techexport.com\/#website"},"primaryImageOfPage":{"@id":"https:\/\/melchers-techexport.com\/industries\/conveyor-technology\/#primaryimage"},"image":{"@id":"https:\/\/melchers-techexport.com\/industries\/conveyor-technology\/#primaryimage"},"thumbnailUrl":"https:\/\/melchers-techexport.com\/wp-content\/uploads\/2025\/06\/conveyor_cellumation.jpg","datePublished":"2025-05-22T07:27:40+00:00","dateModified":"2026-01-22T02:15:33+00:00","description":"Logistik-F\u00f6rdertechnik | Produktions-F\u00f6rdersystem | Patentierte Technik | Melchers globales Netzwerk | Marktexpansion \u25b7 Mehr erfahren","breadcrumb":{"@id":"https:\/\/melchers-techexport.com\/industries\/conveyor-technology\/#breadcrumb"},"inLanguage":"de","potentialAction":[{"@type":"ReadAction","target":["https:\/\/melchers-techexport.com\/industries\/conveyor-technology\/"]}]},{"@type":"ImageObject","inLanguage":"de","@id":"https:\/\/melchers-techexport.com\/industries\/conveyor-technology\/#primaryimage","url":"https:\/\/melchers-techexport.com\/wp-content\/uploads\/2025\/06\/conveyor_cellumation.jpg","contentUrl":"https:\/\/melchers-techexport.com\/wp-content\/uploads\/2025\/06\/conveyor_cellumation.jpg"},{"@type":"BreadcrumbList","@id":"https:\/\/melchers-techexport.com\/industries\/conveyor-technology\/#breadcrumb","itemListElement":[{"@type":"ListItem","position":1,"name":"Home","item":"https:\/\/melchers-techexport.com\/"},{"@type":"ListItem","position":2,"name":"Industries","item":"https:\/\/melchers-techexport.com\/industries\/"},{"@type":"ListItem","position":3,"name":"Conveyor Technology"}]},{"@type":"WebSite","@id":"https:\/\/melchers-techexport.com\/#website","url":"https:\/\/melchers-techexport.com\/","name":"Melchers Techexport","description":"","publisher":{"@id":"https:\/\/melchers-techexport.com\/#organization"},"potentialAction":[{"@type":"SearchAction","target":{"@type":"EntryPoint","urlTemplate":"https:\/\/melchers-techexport.com\/?s={search_term_string}"},"query-input":{"@type":"PropertyValueSpecification","valueRequired":true,"valueName":"search_term_string"}}],"inLanguage":"de"},{"@type":"Organization","@id":"https:\/\/melchers-techexport.com\/#organization","name":"Melchers Techexport","url":"https:\/\/melchers-techexport.com\/","logo":{"@type":"ImageObject","inLanguage":"de","@id":"https:\/\/melchers-techexport.com\/#\/schema\/logo\/image\/","url":"https:\/\/melchers-techexport.com\/wp-content\/uploads\/2025\/05\/Melchers_Logo_2021_RGB_RZ.png","contentUrl":"https:\/\/melchers-techexport.com\/wp-content\/uploads\/2025\/05\/Melchers_Logo_2021_RGB_RZ.png","width":1000,"height":410,"caption":"Melchers Techexport"},"image":{"@id":"https:\/\/melchers-techexport.com\/#\/schema\/logo\/image\/"}}]}},"_links":{"self":[{"href":"https:\/\/melchers-techexport.com\/de\/wp-json\/wp\/v2\/pages\/5446","targetHints":{"allow":["GET"]}}],"collection":[{"href":"https:\/\/melchers-techexport.com\/de\/wp-json\/wp\/v2\/pages"}],"about":[{"href":"https:\/\/melchers-techexport.com\/de\/wp-json\/wp\/v2\/types\/page"}],"author":[{"embeddable":true,"href":"https:\/\/melchers-techexport.com\/de\/wp-json\/wp\/v2\/users\/9"}],"replies":[{"embeddable":true,"href":"https:\/\/melchers-techexport.com\/de\/wp-json\/wp\/v2\/comments?post=5446"}],"version-history":[{"count":109,"href":"https:\/\/melchers-techexport.com\/de\/wp-json\/wp\/v2\/pages\/5446\/revisions"}],"predecessor-version":[{"id":9573,"href":"https:\/\/melchers-techexport.com\/de\/wp-json\/wp\/v2\/pages\/5446\/revisions\/9573"}],"up":[{"embeddable":true,"href":"https:\/\/melchers-techexport.com\/de\/wp-json\/wp\/v2\/pages\/1380"}],"wp:attachment":[{"href":"https:\/\/melchers-techexport.com\/de\/wp-json\/wp\/v2\/media?parent=5446"}],"curies":[{"name":"wp","href":"https:\/\/api.w.org\/{rel}","templated":true}]}}